{"id":325,"date":"2026-03-10T16:08:05","date_gmt":"2026-03-10T16:08:05","guid":{"rendered":"https:\/\/ombararesortmentawai.com\/?page_id=325"},"modified":"2026-03-13T16:54:03","modified_gmt":"2026-03-13T16:54:03","slug":"politicas","status":"publish","type":"page","link":"https:\/\/ombararesortmentawai.com\/id\/politicas\/","title":{"rendered":"Kebijakan"},"content":{"rendered":"<div data-elementor-type=\"wp-page\" data-elementor-id=\"325\" class=\"elementor elementor-325\" data-elementor-post-type=\"page\">\n\t\t\t\t<div class=\"elementor-element elementor-element-ce5d129 e-flex e-con-boxed e-con e-parent\" data-id=\"ce5d129\" data-element_type=\"container\" data-e-type=\"container\">\n\t\t\t\t\t<div class=\"e-con-inner\">\n\t\t\t\t<div class=\"elementor-element elementor-element-ea36f05 elementor-widget elementor-widget-heading\" data-id=\"ea36f05\" data-element_type=\"widget\" data-e-type=\"widget\" data-widget_type=\"heading.default\">\n\t\t\t\t\t<p class=\"elementor-heading-title elementor-size-default\"><a href=\"https:\/\/ombararesortmentawai.com\/id\/politica-de-cookies-ue\/\">Pol\u00edtica de cookies (UE)<\/a><\/p>\t\t\t\t<\/div>\n\t\t\t\t<div class=\"elementor-element elementor-element-f5a34d4 elementor-widget elementor-widget-heading\" data-id=\"f5a34d4\" data-element_type=\"widget\" data-e-type=\"widget\" data-widget_type=\"heading.default\">\n\t\t\t\t\t<p class=\"elementor-heading-title elementor-size-default\"><a href=\"https:\/\/ombararesortmentawai.com\/id\/declaracion-de-privacidad-ue\/\">Declaraci\u00f3n de privacidad (UE)<\/a><\/p>\t\t\t\t<\/div>\n\t\t\t\t<div class=\"elementor-element elementor-element-ab9d41a elementor-widget elementor-widget-heading\" data-id=\"ab9d41a\" data-element_type=\"widget\" data-e-type=\"widget\" data-widget_type=\"heading.default\">\n\t\t\t\t\t<p class=\"elementor-heading-title elementor-size-default\"><a href=\"https:\/\/ombararesortmentawai.com\/id\/politica-de-cookies-uk\/\">Pol\u00edtica de cookies (UK)<\/a><\/p>\t\t\t\t<\/div>\n\t\t\t\t<div class=\"elementor-element elementor-element-22354ba elementor-widget elementor-widget-heading\" data-id=\"22354ba\" data-element_type=\"widget\" data-e-type=\"widget\" data-widget_type=\"heading.default\">\n\t\t\t\t\t<p class=\"elementor-heading-title elementor-size-default\"><a href=\"https:\/\/ombararesortmentawai.com\/id\/declaracion-de-privacidad-uk\/\">Declaraci\u00f3n de privacidad (UK)<\/a><\/p>\t\t\t\t<\/div>\n\t\t\t\t<div class=\"elementor-element elementor-element-374ddc2 elementor-widget elementor-widget-heading\" data-id=\"374ddc2\" data-element_type=\"widget\" data-e-type=\"widget\" data-widget_type=\"heading.default\">\n\t\t\t\t\t<p class=\"elementor-heading-title elementor-size-default\"><a href=\"https:\/\/ombararesortmentawai.com\/id\/cookie-policy-au\/\">Cookie Policy (AU)<\/a><\/p>\t\t\t\t<\/div>\n\t\t\t\t<div class=\"elementor-element elementor-element-b54afeb elementor-widget elementor-widget-heading\" data-id=\"b54afeb\" data-element_type=\"widget\" data-e-type=\"widget\" data-widget_type=\"heading.default\">\n\t\t\t\t\t<p class=\"elementor-heading-title elementor-size-default\"><a href=\"https:\/\/ombararesortmentawai.com\/id\/declaracion-de-privacidad-au\/\">Declaraci\u00f3n de privacidad (AU)<\/a><\/p>\t\t\t\t<\/div>\n\t\t\t\t<div class=\"elementor-element elementor-element-3b8c732 elementor-widget elementor-widget-heading\" data-id=\"3b8c732\" data-element_type=\"widget\" data-e-type=\"widget\" data-widget_type=\"heading.default\">\n\t\t\t\t\t<p class=\"elementor-heading-title elementor-size-default\"><a href=\"https:\/\/ombararesortmentawai.com\/id\/aviso-legal-imprint\/\">Aviso Legal \/ Imprint<\/a><\/p>\t\t\t\t<\/div>\n\t\t\t\t<div class=\"elementor-element elementor-element-c038158 elementor-widget elementor-widget-heading\" data-id=\"c038158\" data-element_type=\"widget\" data-e-type=\"widget\" data-widget_type=\"heading.default\">\n\t\t\t\t\t<p class=\"elementor-heading-title elementor-size-default\"><a href=\"https:\/\/ombararesortmentawai.com\/id\/descargo-de-responsabilidad\/\">Descargo de responsabilidad<\/a><\/p>\t\t\t\t<\/div>\n\t\t\t\t\t<\/div>\n\t\t\t\t<\/div>\n\t\t\t\t<\/div>","protected":false},"excerpt":{"rendered":"<p>Pol\u00edtica de cookies (UE) Declaraci\u00f3n de privacidad (UE) Pol\u00edtica de cookies (UK) Declaraci\u00f3n de privacidad (UK) Cookie Policy (AU) Declaraci\u00f3n de privacidad (AU) Aviso Legal \/ Imprint Descargo de responsabilidad<\/p>","protected":false},"author":1,"featured_media":0,"parent":0,"menu_order":0,"comment_status":"closed","ping_status":"closed","template":"","meta":{"footnotes":""},"class_list":["post-325","page","type-page","status-publish","hentry"],"_links":{"self":[{"href":"https:\/\/ombararesortmentawai.com\/id\/wp-json\/wp\/v2\/pages\/325","targetHints":{"allow":["GET"]}}],"collection":[{"href":"https:\/\/ombararesortmentawai.com\/id\/wp-json\/wp\/v2\/pages"}],"about":[{"href":"https:\/\/ombararesortmentawai.com\/id\/wp-json\/wp\/v2\/types\/page"}],"author":[{"embeddable":true,"href":"https:\/\/ombararesortmentawai.com\/id\/wp-json\/wp\/v2\/users\/1"}],"replies":[{"embeddable":true,"href":"https:\/\/ombararesortmentawai.com\/id\/wp-json\/wp\/v2\/comments?post=325"}],"version-history":[{"count":15,"href":"https:\/\/ombararesortmentawai.com\/id\/wp-json\/wp\/v2\/pages\/325\/revisions"}],"predecessor-version":[{"id":498,"href":"https:\/\/ombararesortmentawai.com\/id\/wp-json\/wp\/v2\/pages\/325\/revisions\/498"}],"wp:attachment":[{"href":"https:\/\/ombararesortmentawai.com\/id\/wp-json\/wp\/v2\/media?parent=325"}],"curies":[{"name":"wp","href":"https:\/\/api.w.org\/{rel}","templated":true}]}}